{"id":326,"date":"2023-01-27T11:25:07","date_gmt":"2023-01-27T10:25:07","guid":{"rendered":"https:\/\/play-tech.be\/?page_id=326"},"modified":"2023-05-03T11:06:50","modified_gmt":"2023-05-03T09:06:50","slug":"mobiliers","status":"publish","type":"page","link":"https:\/\/play-tech.be\/index.php\/mobiliers\/","title":{"rendered":"Mobiliers"},"content":{"rendered":"\n    \n    <section class=\"u-clearfix u-image u-shading u-section-2\" id=\"sec-e692\" data-image-width=\"2560\" data-image-height=\"1920\" style=\"background-image: linear-gradient(0deg, rgba(0, 0, 0, 0.4), rgba(0, 0, 0, 0.4)), url(&quot;https:\/\/play-tech.be\/wp-content\/uploads\/2023\/01\/voile-protection-solaire-belge-scaled.jpg&quot;);\">\n      <div class=\"u-clearfix u-sheet u-valign-middle u-sheet-1\">\n        <h1 class=\"u-custom-font u-text u-text-white u-text-1\"><span class=\"u-file-icon u-icon\"><img decoding=\"async\" src=\"https:\/\/play-tech.be\/wp-content\/uploads\/2023\/01\/607081.png\" alt=\"\"><\/span>&nbsp;Mobiliers\n        <\/h1>\n      <\/div>\n    <\/section>\n    <section class=\"u-align-center u-clearfix u-section-3\" id=\"sec-1b3d\">\n      <div class=\"u-clearfix u-sheet u-sheet-1\">\n        <h2 class=\"u-text u-text-custom-color-11 u-text-default u-text-1\">Le confort publique<\/h2>\n        <p class=\"u-text u-text-2\">Le confort des usagers fait partie int\u00e9grante d'un am\u00e9nagement r\u00e9ussi. Compl\u00e9ter votre zone de loisir avec du mobilier. Toiles solaire, Tables de pique-nique, Bancs, Chaises longues, Kiosques ou poubelles.<\/p>\n        <div class=\"u-expanded-width u-gallery u-layout-grid u-lightbox u-show-text-on-hover u-gallery-1\">\n          <div class=\"u-gallery-inner u-gallery-inner-1\">\n            <div class=\"u-effect-fade u-effect-hover-liftUp u-gallery-item\">\n              <div class=\"u-back-slide\" data-image-width=\"2560\" data-image-height=\"1920\">\n                <img decoding=\"async\" class=\"u-back-image u-expanded\" src=\"https:\/\/play-tech.be\/wp-content\/uploads\/2023\/01\/voile-protection-solaire-belge-scaled.jpg\">\n              <\/div>\n              <div class=\"u-over-slide u-shading u-over-slide-1\">\n                <h3 class=\"u-gallery-heading\"><\/h3>\n                <p class=\"u-gallery-text\"><\/p>\n              <\/div>\n            <\/div>\n            <div class=\"u-effect-fade u-effect-hover-liftUp u-gallery-item u-gallery-item-2\">\n              <div class=\"u-back-slide\" data-image-width=\"2560\" data-image-height=\"1920\">\n                <img decoding=\"async\" class=\"u-back-image u-expanded\" src=\"https:\/\/play-tech.be\/wp-content\/uploads\/2023\/01\/amenagement-table-colors-scaled.jpg\">\n              <\/div>\n              <div class=\"u-over-slide u-shading u-over-slide-2\">\n                <h3 class=\"u-gallery-heading\"><\/h3>\n                <p class=\"u-gallery-text\"><\/p>\n              <\/div>\n            <\/div>\n            <div class=\"u-effect-fade u-effect-hover-liftUp u-gallery-item u-gallery-item-3\">\n              <div class=\"u-back-slide\" data-image-width=\"2560\" data-image-height=\"1920\">\n                <img decoding=\"async\" class=\"u-back-image u-expanded\" src=\"https:\/\/play-tech.be\/wp-content\/uploads\/2023\/01\/banc-tour-darbre-moderne-scaled.jpg\">\n              <\/div>\n              <div class=\"u-over-slide u-shading u-over-slide-3\">\n                <h3 class=\"u-gallery-heading\"><\/h3>\n                <p class=\"u-gallery-text\"><\/p>\n              <\/div>\n            <\/div>\n            <div class=\"u-effect-fade u-effect-hover-liftUp u-gallery-item\">\n              <div class=\"u-back-slide\" data-image-width=\"1440\" data-image-height=\"960\">\n                <img decoding=\"async\" class=\"u-back-image u-expanded\" src=\"https:\/\/play-tech.be\/wp-content\/uploads\/2023\/01\/mobilier-chaise-longue-amenagement.jpg\">\n              <\/div>\n              <div class=\"u-over-slide u-shading u-over-slide-4\">\n                <h3 class=\"u-gallery-heading\"><\/h3>\n                <p class=\"u-gallery-text\"><\/p>\n              <\/div>\n            <\/div>\n            <div class=\"u-effect-fade u-effect-hover-liftUp u-gallery-item\">\n              <div class=\"u-back-slide\" data-image-width=\"2560\" data-image-height=\"1440\">\n                <img decoding=\"async\" class=\"u-back-image u-expanded\" src=\"https:\/\/play-tech.be\/wp-content\/uploads\/2023\/01\/table-echec-scaled.jpg\">\n              <\/div>\n              <div class=\"u-over-slide u-shading u-over-slide-5\">\n                <h3 class=\"u-gallery-heading\"><\/h3>\n                <p class=\"u-gallery-text\"><\/p>\n              <\/div>\n            <\/div>\n            <div class=\"u-effect-fade u-effect-hover-liftUp u-gallery-item\">\n              <div class=\"u-back-slide\" data-image-width=\"800\" data-image-height=\"600\">\n                <img decoding=\"async\" class=\"u-back-image u-expanded\" src=\"https:\/\/play-tech.be\/wp-content\/uploads\/2023\/01\/kiosque-bois.jpg\">\n              <\/div>\n              <div class=\"u-over-slide u-shading u-over-slide-6\">\n                <h3 class=\"u-gallery-heading\"><\/h3>\n                <p class=\"u-gallery-text\"><\/p>\n              <\/div>\n            <\/div>\n          <\/div>\n        <\/div>\n        <a href=\"mailto:info@play-tech.be\" class=\"u-border-none u-btn u-button-style u-custom-color-10 u-hover-custom-color-8 u-btn-1\"><span class=\"u-file-icon u-icon u-text-white\"><img decoding=\"async\" src=\"data:image\/png;base64,iVBORw0KGgoAAAANSUhEUgAAAIAAAACACAYAAADDPmHLAAAAAXNSR0IArs4c6QAADRVJREFUeF7tnQesJEcRhv8i52xyFhmRg8lBiGywyAgbDMYBDNiHjQMO+DDBNsg2OICxMdnIJCFMBpFzNkHkjDA5mpx+9D16j33v3r7pnt19OzvTJZ10d9s921XzT09X1V+1oSqDtkAMWvuqvCoABg6CCoAKgIFbYODq1x2gAmDgFhi4+nUHqAAYuAUGrn7dASoABm6Bgatfd4AKgIFbYODq1x2gAmDgFhi4+nUHqAAYuAUGrn7dASoABm6Bgatfd4AKgNUWsH1VSU+RdGtJt5R05YHbaNnV\/7mkcyR9UdIpEXHuuELbdgDb55f0VElHSbrUsmtd17+uBf4o6VmSTo6IfzNiHAAnSnpaNdwgLHBSROy7DQC2d5H0ukGoXpUcWWDXiDgzbF9Y0i8kXbraZlAW+IOkKwGAB0t626BUr8qOLLAzAHi5pCdWmwzSAmcAgMtJepGkxw7SBMNV+rWStox7AQ+U9DJJVxuuTQah+U8l7R0R71zlBvIP2xwEj6uvhN4C4QxJB0QEB8AVWTcUbPs+kk6XdM3emmJYiv1Y0p4R8b61ak\/MBdi+pKRjJT1pElCGZcOl1NaSTpV0cESct54Gjckg2\/eQxNZx3aU0wXAX\/X1e5RHx4Y1M0AiAdDa4mKTnp1Dx+YZr06XQ\/D+STpJ0aET8pWnFWQAYXcT2nSW9QtINmi5cP1+IBb4tafeI+ETutxcBIO0GF0kZw\/0lkUGssngLkNk7nkxfRPytZDkEgg6QdEJEsHVki+3bS3qlpJtkT6oD52GBr0t6QkR8tuTitnmVPx0AcFL8TLrINwovcqGUXz5Y0gVK5taxU1vgX8lLOyoi\/lFyNds3Tg\/vjiMAMP\/vkp4t6YURwcWzxfat0gVvkT2pDpzGAl9OD+yXSi5im4f0QElHSiILrHEAjK71hXTxrxZe\/IKSninpMEnsDFVmb4F\/SnqupKMjgr9ni+2bpYf0NuOT1gMAn3Px5+H6zeqLsldaB06ywDQP5qHpweQhXSWTADAa9JW0G0AozJbEL2Sr2TraarIn14FrLcCrGTvyal7h8eWKbYi9HNRvPmlOEwCYx3ngBbh+EcFisiUdNogb3CF7Uh04boFPJ7++9HDO+x3y50FNh\/McAIwWhLtBkAGPIVuSu7Elvbsumj1x2AP\/KulweBot3PMdU7Auyz0vAQC3hC3oBElHlAYcbF8vLeyuw763jdp\/LD1o320cOTbANgG65+DblwToSgEw+kpCjiQaPl64SCKPFJ0cI+niJXMHMPbPkg5JxRvEZrLF9l1Swq44RN8WACyOyOHJKenA4rPF9nUS3+Be2ZP6PfADKV\/\/gxI1bfMQkaSjoKdVkm4aAIzWStpxj4j4UMniGWt7L063A65EolLnwIg4rYXt7ikJQu9UafpZAGDlXiY+4UGTiAeTFLR9DUkY4H6lRljy8e+RtFdE\/KREj0TUwSvbexZEnVkBYKTDROpRk5K2H58OmJdpGrvkn\/9+JQkT8apSPeZB1Zs1AEY64fvvP04+zFHW9lUShYlilT7K2VDsIuJnJcolsi7p3t1L5uWMnRcA+G7oxyj7jpyFjI+x\/RhJFKtevnRuR8f\/RtK+EfH60vXZ3ik9FHOh688TACNdKTrdLyJ+W6K87SviEkl6eMm8Do59M65vRPyyZG2pYOfFknYtmVc6djMAwJooPn1yRLy1dIG2AQBAABDLJNxwbjwAKBLbD5H0Uoo3iya2GLxZABgt7Y34rBHxq5K12uZVwCuBV8MyCFs9Wz5bf7bY3iHFVh6ZPWnKgZsNAJb76wSCN5SuPVUyw3PnsNhF4XDHuYfDXpHYflS6+Vcomjjl4EUAYLRkXgf7RAQ9bLLFNm4i+Qjcxi4Jbh3uHW5ettimB9NLJLHtb7osEgAoy8FwS0RQqVoktgkcEUAikLRIIZBDQIfATpHYpiKbymwqtBciiwbASGkqValYxXXMFts0syKUTEh5EQIACeUS0s0W27h0VGJTkb1Q6QoAMAIVq1SuUoZWJLZJKhEXv3bRxPaDf5jyHyRxisQ2zTiowO5ES54uAWBkyPenzNiPSiybMmOkmUk3Fxe8ZH4XOQ9c0kMiojQDeq2UAb135ndtyrAuAgDF\/5ToTKdGRGlu\/G4pNw4BZZYCQQMOxEdLLmobMFJhTQLnEiVzN2NsVwEw0p3KVoxOyjlbbEM9gz4NFa1Vnnzsy+A9cFA7PCKgamWLbVK1vNKosO6kdB0AGI0KV2jNNDcsLV+7Y6Kh3ail9b+Z6FmfKpmfeJA03YSsQWV1Z2UZADAy3nsl7dSiagmGLLRqaOq5xaxwH\/EutrZgQlN9QwLsvp2962MLWxYAYFDi6vANWont26bdgAqZjYSKKNjPn2\/1Rf9jOtFah8MimbxOS9cBQJSQmPqbZmFF25SsUbpGCdvaKhmqoY6mIqq02HLS2mw\/IuUwOttxvasA4ORPkyp62xSFVnOAYpsiVipmKGpFKLKkxJqiy5lKCl3Ta2nPObqnrdfcRQBQBUNotYhyXmqBVClLWTtybOnZosX3Qd0mckhpdmekSwCg7IwtmMrX0np36NEPk3RW6dzSO5GA81BJZ7cojuEVxOuHPyvl2YuWrgCA4ApP\/bdKDWL7\/imbRhj4a+kA97nS6+SMt80vqMB35NXxnZT6\/WDO3PExtm+YdgOCVguVRQPgdynid0aLiB8MIShTj15jQVw4Yu1Hlj6hk+5EOjwekSp31nZCIQ38jBbkDyKE5AWIEF52UShYJAAghMAVhC6WLSm0CjsWP30jw7Gb4M59Mvvi6wxMvZB46m+6wXVgOMEFOLP0u2xD+wLIEEI2XRYBAJI8EEHeVaqtbWrfSKPmhlaJHEIlOyynZ96abZpwMr+fVFJsSStWuI9FoWu+1\/YD0quMpNGmyWYCgK0ZpNPKrDSThs\/OiZ2S6TaHp++lnMJHcixrmwpmYvjXzxm\/Zgz5AiKPx5d6FimjCej2K4hatlji\/6dsFgDoMEKz4qJOI+nJuFM6MG20BecYgdgCTFtiC2QbtxPbZOtIKe8zA5+dmAI6Fx9IU2cP4iB0+JirzBsAPOl0pKLRQWl7EwgTuIWzblbNKwiPY1Xn7FR2hZ8+yy141LaVTOK6oJt0d1ObHbKZdG6bWyn9PAHw7vSuhz1TJLbxs+l3y49YzkvI7789XfxBkmbNHxhfN7xBchmj78vWyTbuLaRR3N2ZyzwAwKkeoudZpau1ffVEjd65dO6SjKdIhNxGUW1gehXi7sJLmGmxyCwBwDsWdwmSJP59tqT8Oe9d8uf8TkGfBe4jB9rTWsQ+cHtxf3GDZ0J7mxUA8Llh9WadssfvbmpgyIGH5kZDEjp6cxah+VaR2L57coeJKE4l0wKAmD2nZhpKlraQo6kRrcwgagy1z\/A09sMdhilFX6HWnVmnAQDZOhBc1MMuvc+gcVPiNc+D11RPxiZPnmYHJbuI90K2sVjaAGCadxhFnsTpdyteaf8nTHOG4jxAcQy8g6J6g1IAwMwhft\/mFEudOzV9m1r8uIS4mcaLomiWaCtMpCzJBQB+LPH7Nt0+oEaz3XeqICLLOosdNE0cBS4isYPGuskmAEwTyeJgx8\/KEBevLWLbgWmaSCphbWojoKdPrI3YCADnpENem1j27RKnr\/6ARLsbv3bWNLkU7gWHRMgs28l6AKAQg6eW3xEq\/eWQLNTNxiaDu8o02VR2Y9La3NdVhSprAUCChA4XRS1Lk2uX\/d4Z3K2brcIks+AccEYoktSil\/MYPw28IiMATMNogfMO6SL75Fm06jp4kgXItZBzKWJUpYd1l+SR7QAA4MdTl1\/axg3fE647vmffu3t2FYbTcCrpSnJcq4RC+iWQ1tGnrlpzidfVmlVdBADbxJ9HvPbW8eclNnSXl04uhmzqMSW1EdkASDw5nvq2pdZdNl6f1lZUWdUIgFTbBnd9j1nloPtk7Y7qkl1buSEAbNOxkthyZ6tbO3oDurKsxurqdQGQ6tuJJS+8jVlXLLnk65jYX2EVABITldgxvz7VuYZGS34TFr18WMnUVaxqtbMNAKnwEWoWnTSq9NcCdD6hXoFcz0okkNgwMWJixUOlZvX3dq+vGTkeuBlbAQCuHRG9KsOzwOkAgCKMtwxP96oxTTUAAOxcft2i73z8esdXW+A8foVl5RBo+3GSXl0tNCgL7BYRrxn3Akjp4gJW6b8FcAX3XfECRrqmGAD\/STVqfR30EwRs+1Rrnziq1t4uEmibilxarlObDo+shoGXGwyEg\/H54RWeEhHnjqvTmAxabt3r6pssUAHQZKGef14B0PMb3KReBUCThXr+eQVAz29wk3oVAE0W6vnnFQA9v8FN6lUANFmo559XAPT8BjepVwHQZKGef14B0PMb3KReBUCThXr+eQVAz29wk3oVAE0W6vnnFQA9v8FN6lUANFmo559XAPT8BjepVwHQZKGef14B0PMb3KReBUCThXr++X8BjWmQ2iucZOQAAAAASUVORK5CYII=\" alt=\"\"><\/span>&nbsp;Demandez un catalogue<span style=\"font-weight: 700;\"><\/span>\n          <span style=\"font-weight: 700;\"><\/span>\n        <\/a>\n      <\/div>\n    <\/section>\n    <section class=\"u-clearfix u-image u-shading u-section-4\" id=\"sec-2633\" data-image-width=\"2560\" data-image-height=\"1810\" style=\"background-image: linear-gradient(0deg, rgba(242, 242, 242, 0.2), rgba(242, 242, 242, 0.2)), url(&quot;https:\/\/play-tech.be\/wp-content\/uploads\/2023\/01\/aire-de-jeux-2-scaled.jpg&quot;);\">\n      <div class=\"u-clearfix u-sheet u-valign-middle u-sheet-1\">\n        <div class=\"u-clearfix u-expanded-width u-layout-wrap u-layout-wrap-1\">\n          <div class=\"u-layout\">\n            <div class=\"u-layout-row\">\n              <div class=\"u-size-27-lg u-size-27-md u-size-27-sm u-size-27-xs u-size-30-xl\">\n                <div class=\"u-layout-col\">\n                  <div class=\"u-container-style u-layout-cell u-left-cell u-size-60 u-layout-cell-1\">\n                    <div class=\"u-container-layout u-container-layout-1\">\n                      <h2 class=\"u-custom-font u-text u-text-black u-text-1\"><span class=\"u-icon\"><\/span>&nbsp;Contactez nous\n                      <\/h2>\n                      <p class=\"u-text u-text-black u-text-2\"> R<b>\n                          <span style=\"font-weight: 400;\">ue Pierre Thomas <\/span><\/b><b style=\"font-weight: 400;\">4, B-6600 Bastogne<\/b>\n                        <br>info@play-tech.be<br> 061321222\n                      <\/p>\n                      <div class=\"u-social-icons u-spacing-10 u-social-icons-1\">\n                        <a class=\"u-social-url\" target=\"_blank\" href=\"\"><span class=\"u-file-icon u-icon u-social-facebook u-social-icon u-icon-2\"><img decoding=\"async\" src=\"https:\/\/play-tech.be\/wp-content\/uploads\/2023\/01\/145802-1.png\" alt=\"\"><\/span>\n                        <\/a>\n                        <a class=\"u-social-url\" target=\"_blank\" href=\"\"><span class=\"u-file-icon u-icon u-social-icon u-social-instagram u-icon-3\"><img decoding=\"async\" src=\"https:\/\/play-tech.be\/wp-content\/uploads\/2023\/01\/3955024-1.png\" alt=\"\"><\/span>\n                        <\/a>\n                      <\/div>\n                    <\/div>\n                  <\/div>\n                <\/div>\n              <\/div>\n              <div class=\"u-size-30-xl u-size-33-lg u-size-33-md u-size-33-sm u-size-33-xs\">\n                <div class=\"u-layout-col\">\n                  <div class=\"u-container-style u-layout-cell u-right-cell u-size-30 u-layout-cell-2\">\n                    <div class=\"u-container-layout u-container-layout-2\"><\/div>\n                  <\/div>\n                  <div class=\"u-container-style u-layout-cell u-right-cell u-size-30 u-layout-cell-3\">\n                    <div class=\"u-container-layout u-valign-top u-container-layout-3\">\n                      <div class=\"u-form u-form-1\">\n                        <form action=\"https:\/\/forms.nicepagesrv.com\/v2\/form\/process\" class=\"u-clearfix u-form-spacing-10 u-form-vertical u-inner-form\" style=\"padding: 10px\" source=\"email\" name=\"form-4\">\n                          <div class=\"u-form-group u-form-name u-label-left\">\n                            <label for=\"name-e2a4\" class=\"u-label u-text-body-color\">Name<\/label>\n                            <input type=\"text\" placeholder=\"Enter your Name\" id=\"name-e2a4\" name=\"name\" class=\"u-border-1 u-border-grey-30 u-input u-input-rectangle u-white\" required=\"\">\n                          <\/div>\n                          <div class=\"u-form-email u-form-group u-label-left\">\n                            <label for=\"email-e2a4\" class=\"u-label u-text-body-color\">Email<\/label>\n                            <input type=\"email\" placeholder=\"Enter a valid email address\" id=\"email-e2a4\" name=\"email\" class=\"u-border-1 u-border-grey-30 u-input u-input-rectangle u-white\" required=\"\">\n                          <\/div>\n                          <div class=\"u-form-group u-form-message u-label-left\">\n                            <label for=\"message-e2a4\" class=\"u-label u-text-body-color\">Message<\/label>\n                            <textarea placeholder=\"Enter your message\" rows=\"4\" cols=\"50\" id=\"message-e2a4\" name=\"message\" class=\"u-border-1 u-border-grey-30 u-input u-input-rectangle u-white\" required=\"\"><\/textarea>\n                          <\/div>\n                          <div class=\"u-form-group u-form-submit\">\n                            <a href=\"#\" class=\"u-border-none u-btn u-btn-round u-btn-submit u-button-style u-custom-color-2 u-radius-50 u-btn-1\">Envoyez<\/a>\n                            <input type=\"submit\" value=\"submit\" class=\"u-form-control-hidden\">\n                          <\/div>\n                          <div class=\"u-form-send-message u-form-send-success\"> Thank you! Your message has been sent. <\/div>\n                          <div class=\"u-form-send-error u-form-send-message\"> Unable to send your message. Please fix errors then try again. <\/div>\n                          <input type=\"hidden\" value=\"\" name=\"recaptchaResponse\">\n                          <input type=\"hidden\" name=\"formServices\" value=\"fe213d3e97492f3fce414c2dae4ff120\">\n                        <\/form>\n                      <\/div>\n                    <\/div>\n                  <\/div>\n                <\/div>\n              <\/div>\n            <\/div>\n          <\/div>\n        <\/div>\n      <\/div>\n    <\/section>\n    \n    \n    \n  \n","protected":false},"excerpt":{"rendered":"<p>&nbsp;Mobiliers Le confort publique Le confort des usagers fait partie int\u00e9grante d&rsquo;un am\u00e9nagement r\u00e9ussi. Compl\u00e9ter votre zone de loisir avec du mobilier. Toiles solaire, Tables de pique-nique, Bancs, Chaises longues, Kiosques ou poubelles. &nbsp;Demandez un catalogue &nbsp;Contactez nous R ue Pierre Thomas 4, B-6600 Bastogne info@play-tech.be 061321222 Name Email Message Envoyez Thank you! Your message &hellip; <a href=\"https:\/\/play-tech.be\/index.php\/mobiliers\/\" class=\"more-link\">Continue reading<span class=\"screen-reader-text\"> \u00ab\u00a0Mobiliers\u00a0\u00bb<\/span><\/a><\/p>\n","protected":false},"author":1,"featured_media":0,"parent":0,"menu_order":0,"comment_status":"closed","ping_status":"closed","template":"","meta":{"footnotes":""},"class_list":["post-326","page","type-page","status-publish","hentry"],"_links":{"self":[{"href":"https:\/\/play-tech.be\/index.php\/wp-json\/wp\/v2\/pages\/326","targetHints":{"allow":["GET"]}}],"collection":[{"href":"https:\/\/play-tech.be\/index.php\/wp-json\/wp\/v2\/pages"}],"about":[{"href":"https:\/\/play-tech.be\/index.php\/wp-json\/wp\/v2\/types\/page"}],"author":[{"embeddable":true,"href":"https:\/\/play-tech.be\/index.php\/wp-json\/wp\/v2\/users\/1"}],"replies":[{"embeddable":true,"href":"https:\/\/play-tech.be\/index.php\/wp-json\/wp\/v2\/comments?post=326"}],"version-history":[{"count":10,"href":"https:\/\/play-tech.be\/index.php\/wp-json\/wp\/v2\/pages\/326\/revisions"}],"predecessor-version":[{"id":417,"href":"https:\/\/play-tech.be\/index.php\/wp-json\/wp\/v2\/pages\/326\/revisions\/417"}],"wp:attachment":[{"href":"https:\/\/play-tech.be\/index.php\/wp-json\/wp\/v2\/media?parent=326"}],"curies":[{"name":"wp","href":"https:\/\/api.w.org\/{rel}","templated":true}]}}